{"id":529,"date":"2026-02-09T23:12:14","date_gmt":"2026-02-09T23:12:14","guid":{"rendered":"https:\/\/otmg.org\/?page_id=529"},"modified":"2026-02-09T23:40:38","modified_gmt":"2026-02-09T23:40:38","slug":"publicacoes","status":"publish","type":"page","link":"https:\/\/otmg.org\/index.php\/publicacoes\/","title":{"rendered":"Publica\u00e7\u00f5es"},"content":{"rendered":"\t\t<div data-elementor-type=\"wp-page\" data-elementor-id=\"529\" class=\"elementor elementor-529\" data-elementor-post-type=\"page\">\n\t\t\t\t<div class=\"elementor-element elementor-element-bcbaca3 e-flex e-con-boxed e-con e-child\" data-id=\"bcbaca3\" data-element_type=\"container\" data-e-type=\"container\" data-settings=\"{&quot;background_background&quot;:&quot;classic&quot;}\">\n\t\t\t\t\t<div class=\"e-con-inner\">\n\t\t\t\t<div class=\"elementor-element elementor-element-4612c98 elementor-widget__width-initial elementor-widget elementor-widget-heading\" data-id=\"4612c98\" data-element_type=\"widget\" data-e-type=\"widget\" data-widget_type=\"heading.default\">\n\t\t\t\t\t<p class=\"elementor-heading-title elementor-size-default\">Publica\u00e7\u00f5es<\/p>\t\t\t\t<\/div>\n\t\t\t\t<div class=\"elementor-element elementor-element-147c5fd elementor-widget elementor-widget-heading\" data-id=\"147c5fd\" data-element_type=\"widget\" data-e-type=\"widget\" data-widget_type=\"heading.default\">\n\t\t\t\t\t<h2 class=\"elementor-heading-title elementor-size-default\">Informa\u00e7\u00f5es Privilegiadas<\/h2>\t\t\t\t<\/div>\n\t\t\t\t<div class=\"elementor-element elementor-element-9eb0f59 elementor-widget elementor-widget-heading\" data-id=\"9eb0f59\" data-element_type=\"widget\" data-e-type=\"widget\" data-widget_type=\"heading.default\">\n\t\t\t\t\t<p class=\"elementor-heading-title elementor-size-default\">Artigos Cient\u00edficos, Relat\u00f3rios T\u00e9cnicos, Boletins e Biblioteca Digital  relevantes na OTMG<\/p>\t\t\t\t<\/div>\n\t\t<div class=\"elementor-element elementor-element-338e08a e-grid e-con-full e-con e-child\" data-id=\"338e08a\" data-element_type=\"container\" data-e-type=\"container\" data-settings=\"{&quot;background_background&quot;:&quot;classic&quot;}\">\n\t\t<a class=\"elementor-element elementor-element-62e7e8b e-flex e-con-boxed e-con e-child\" data-id=\"62e7e8b\" data-element_type=\"container\" data-e-type=\"container\" data-settings=\"{&quot;background_background&quot;:&quot;classic&quot;}\" href=\"#elementor-action%3Aaction%3Dpopup%3Aopen%26settings%3DeyJpZCI6IjU0OSIsInRvZ2dsZSI6ZmFsc2V9\">\n\t\t\t\t\t<div class=\"e-con-inner\">\n\t\t\t\t<div class=\"elementor-element elementor-element-c3f68f2 elementor-widget elementor-widget-image\" data-id=\"c3f68f2\" data-element_type=\"widget\" data-e-type=\"widget\" data-widget_type=\"image.default\">\n\t\t\t\t\t\t\t\t\t\t\t\t\t\t\t<img decoding=\"async\" width=\"40\" height=\"40\" src=\"https:\/\/otmg.org\/wp-content\/uploads\/2026\/01\/SVG-16.png\" class=\"attachment-full size-full wp-image-329\" alt=\"\" \/>\t\t\t\t\t\t\t\t\t\t\t\t\t\t\t<\/div>\n\t\t\t\t<div class=\"elementor-element elementor-element-56fe45e elementor-widget__width-initial elementor-widget elementor-widget-heading\" data-id=\"56fe45e\" data-element_type=\"widget\" data-e-type=\"widget\" data-widget_type=\"heading.default\">\n\t\t\t\t\t<p class=\"elementor-heading-title elementor-size-default\">Artigos Cient\u00edficos<\/p>\t\t\t\t<\/div>\n\t\t\t\t<div class=\"elementor-element elementor-element-2ef9ab7 elementor-widget__width-initial elementor-widget elementor-widget-heading\" data-id=\"2ef9ab7\" data-element_type=\"widget\" data-e-type=\"widget\" data-widget_type=\"heading.default\">\n\t\t\t\t\t<p class=\"elementor-heading-title elementor-size-default\">Publica\u00e7\u00f5es revisadas por pares<\/p>\t\t\t\t<\/div>\n\t\t\t\t\t<\/div>\n\t\t\t\t<\/a>\n\t\t<div class=\"elementor-element elementor-element-78791a0 e-flex e-con-boxed e-con e-child\" data-id=\"78791a0\" data-element_type=\"container\" data-e-type=\"container\" data-settings=\"{&quot;background_background&quot;:&quot;classic&quot;}\">\n\t\t\t\t\t<div class=\"e-con-inner\">\n\t\t\t\t<div class=\"elementor-element elementor-element-158e508 elementor-widget elementor-widget-image\" data-id=\"158e508\" data-element_type=\"widget\" data-e-type=\"widget\" data-widget_type=\"image.default\">\n\t\t\t\t\t\t\t\t\t\t\t\t\t\t\t<img decoding=\"async\" width=\"40\" height=\"40\" src=\"https:\/\/otmg.org\/wp-content\/uploads\/2026\/01\/SVG-16.png\" class=\"attachment-full size-full wp-image-329\" alt=\"\" \/>\t\t\t\t\t\t\t\t\t\t\t\t\t\t\t<\/div>\n\t\t\t\t<div class=\"elementor-element elementor-element-41de6a5 elementor-widget__width-inherit elementor-widget elementor-widget-heading\" data-id=\"41de6a5\" data-element_type=\"widget\" data-e-type=\"widget\" data-widget_type=\"heading.default\">\n\t\t\t\t\t<p class=\"elementor-heading-title elementor-size-default\">Relat\u00f3rios T\u00e9cnicos<\/p>\t\t\t\t<\/div>\n\t\t\t\t<div class=\"elementor-element elementor-element-035878a elementor-widget__width-initial elementor-widget elementor-widget-heading\" data-id=\"035878a\" data-element_type=\"widget\" data-e-type=\"widget\" data-widget_type=\"heading.default\">\n\t\t\t\t\t<p class=\"elementor-heading-title elementor-size-default\">Diagn\u00f3sticos e simula\u00e7\u00f5es<\/p>\t\t\t\t<\/div>\n\t\t\t\t\t<\/div>\n\t\t\t\t<\/div>\n\t\t<div class=\"elementor-element elementor-element-97212fa e-flex e-con-boxed e-con e-child\" data-id=\"97212fa\" data-element_type=\"container\" data-e-type=\"container\" data-settings=\"{&quot;background_background&quot;:&quot;classic&quot;}\">\n\t\t\t\t\t<div class=\"e-con-inner\">\n\t\t\t\t<div class=\"elementor-element elementor-element-48b58bb elementor-widget elementor-widget-image\" data-id=\"48b58bb\" data-element_type=\"widget\" data-e-type=\"widget\" data-widget_type=\"image.default\">\n\t\t\t\t\t\t\t\t\t\t\t\t\t\t\t<img decoding=\"async\" width=\"40\" height=\"40\" src=\"https:\/\/otmg.org\/wp-content\/uploads\/2026\/01\/SVG-16.png\" class=\"attachment-full size-full wp-image-329\" alt=\"\" \/>\t\t\t\t\t\t\t\t\t\t\t\t\t\t\t<\/div>\n\t\t\t\t<div class=\"elementor-element elementor-element-8f11c2a elementor-widget__width-initial elementor-widget elementor-widget-heading\" data-id=\"8f11c2a\" data-element_type=\"widget\" data-e-type=\"widget\" data-widget_type=\"heading.default\">\n\t\t\t\t\t<p class=\"elementor-heading-title elementor-size-default\">Boletins de Mobilidade<\/p>\t\t\t\t<\/div>\n\t\t\t\t<div class=\"elementor-element elementor-element-5658b72 elementor-widget__width-initial elementor-widget elementor-widget-heading\" data-id=\"5658b72\" data-element_type=\"widget\" data-e-type=\"widget\" data-widget_type=\"heading.default\">\n\t\t\t\t\t<p class=\"elementor-heading-title elementor-size-default\">Insights trimestrais<\/p>\t\t\t\t<\/div>\n\t\t\t\t\t<\/div>\n\t\t\t\t<\/div>\n\t\t<div class=\"elementor-element elementor-element-1f26978 e-flex e-con-boxed e-con e-child\" data-id=\"1f26978\" data-element_type=\"container\" data-e-type=\"container\" data-settings=\"{&quot;background_background&quot;:&quot;classic&quot;}\">\n\t\t\t\t\t<div class=\"e-con-inner\">\n\t\t\t\t<div class=\"elementor-element elementor-element-4b9d930 elementor-widget elementor-widget-image\" data-id=\"4b9d930\" data-element_type=\"widget\" data-e-type=\"widget\" data-widget_type=\"image.default\">\n\t\t\t\t\t\t\t\t\t\t\t\t\t\t\t<img decoding=\"async\" width=\"40\" height=\"40\" src=\"https:\/\/otmg.org\/wp-content\/uploads\/2026\/01\/SVG-17.png\" class=\"attachment-full size-full wp-image-330\" alt=\"\" \/>\t\t\t\t\t\t\t\t\t\t\t\t\t\t\t<\/div>\n\t\t\t\t<div class=\"elementor-element elementor-element-cc64195 elementor-widget__width-initial elementor-widget elementor-widget-heading\" data-id=\"cc64195\" data-element_type=\"widget\" data-e-type=\"widget\" data-widget_type=\"heading.default\">\n\t\t\t\t\t<p class=\"elementor-heading-title elementor-size-default\">Biblioteca Digital<\/p>\t\t\t\t<\/div>\n\t\t\t\t<div class=\"elementor-element elementor-element-b0f4146 elementor-widget__width-inherit elementor-widget elementor-widget-heading\" data-id=\"b0f4146\" data-element_type=\"widget\" data-e-type=\"widget\" data-widget_type=\"heading.default\">\n\t\t\t\t\t<p class=\"elementor-heading-title elementor-size-default\">Disserta\u00e7\u00f5es e teses<\/p>\t\t\t\t<\/div>\n\t\t\t\t\t<\/div>\n\t\t\t\t<\/div>\n\t\t\t\t<\/div>\n\t\t\t\t\t<\/div>\n\t\t\t\t<\/div>\n\t\t\t\t<\/div>\n\t\t","protected":false},"excerpt":{"rendered":"<p>Publica\u00e7\u00f5es Informa\u00e7\u00f5es Privilegiadas Artigos Cient\u00edficos, Relat\u00f3rios T\u00e9cnicos, Boletins e Biblioteca Digital relevantes na OTMG Artigos Cient\u00edficos Publica\u00e7\u00f5es revisadas por pares Relat\u00f3rios T\u00e9cnicos Diagn\u00f3sticos e simula\u00e7\u00f5es Boletins de Mobilidade Insights trimestrais Biblioteca Digital Disserta\u00e7\u00f5es e teses<\/p>\n","protected":false},"author":1,"featured_media":0,"parent":0,"menu_order":0,"comment_status":"closed","ping_status":"closed","template":"elementor_header_footer","meta":{"footnotes":""},"class_list":["post-529","page","type-page","status-publish","hentry"],"_links":{"self":[{"href":"https:\/\/otmg.org\/index.php\/wp-json\/wp\/v2\/pages\/529","targetHints":{"allow":["GET"]}}],"collection":[{"href":"https:\/\/otmg.org\/index.php\/wp-json\/wp\/v2\/pages"}],"about":[{"href":"https:\/\/otmg.org\/index.php\/wp-json\/wp\/v2\/types\/page"}],"author":[{"embeddable":true,"href":"https:\/\/otmg.org\/index.php\/wp-json\/wp\/v2\/users\/1"}],"replies":[{"embeddable":true,"href":"https:\/\/otmg.org\/index.php\/wp-json\/wp\/v2\/comments?post=529"}],"version-history":[{"count":7,"href":"https:\/\/otmg.org\/index.php\/wp-json\/wp\/v2\/pages\/529\/revisions"}],"predecessor-version":[{"id":554,"href":"https:\/\/otmg.org\/index.php\/wp-json\/wp\/v2\/pages\/529\/revisions\/554"}],"wp:attachment":[{"href":"https:\/\/otmg.org\/index.php\/wp-json\/wp\/v2\/media?parent=529"}],"curies":[{"name":"wp","href":"https:\/\/api.w.org\/{rel}","templated":true}]}}